{"id":12,"date":"2020-03-06T22:31:45","date_gmt":"2020-03-06T21:31:45","guid":{"rendered":"http:\/\/fromagesetdessertsfolk.fr\/?page_id=12"},"modified":"2025-10-20T23:07:00","modified_gmt":"2025-10-20T21:07:00","slug":"accueil","status":"publish","type":"page","link":"http:\/\/fromagesetdessertsfolk.fr\/","title":{"rendered":"Pr\u00e9sentation"},"content":{"rendered":"\n<p><strong>MADOHEJ<\/strong><\/p>\n\n\n\n<p>Fond\u00e9 en 1995, l\u2019orchestre&nbsp; <strong>\u00ab&nbsp;FROMAGES ET DESSERTS&nbsp;\u00bb <\/strong>devient en 2014 \u00ab\u00a0MADOHE\u00a0\u00bb puis bient\u00f4t MADOHEJ.<\/p>\n\n\n\n<p>&nbsp;&nbsp;&nbsp;&nbsp;&nbsp;&nbsp;&nbsp;Il<strong> <\/strong>pr\u00e9sente des musiques de&nbsp; Bresse, de France&nbsp; et &nbsp;d\u2019ailleurs\u2026. sur des instruments traditionnels comme&nbsp;: <a rel=\"noreferrer noopener\" aria-label=\"la vielle \u00e0 roue, le nyckelharpa, l\u2019accord\u00e9on diatonique, l'accord\u00e9on chromatique (s\u2019ouvre dans un nouvel onglet)\" href=\"http:\/\/fromagesetdessertsfolk.fr\/?page_id=107\" target=\"_blank\">la vielle \u00e0 roue, le nyckelharpa, l\u2019accord\u00e9on diatonique, l&rsquo;accord\u00e9on chromatique<\/a><a href=\"http:\/\/fromagesetdessertsfolk.fr\/?page_id=107\">,  des cornemuses, le hautbois, des percussions<strong>.<\/strong><\/a><\/p>\n\n\n\n<p>Le groupe peut intervenir durant des animations de repas, de mariages, \u00e0 des anniversaires, des veill\u00e9es contes et musiques, des animations de rue, des animations de march\u00e9s ou de f\u00eates, des pr\u00e9sentations d\u2019instruments aupr\u00e8s des classes et naturellement des bals folks<strong>.<\/strong><\/p>\n\n\n\n<p>Et maintenant, avec son bal des animaux, Madohej fait danser les enfants  entrain\u00e9s par Am\u00e9lie Vayssade. <\/p>\n\n\n\n<figure class=\"wp-block-image size-large\"><img loading=\"lazy\" decoding=\"async\" width=\"1024\" height=\"461\" src=\"http:\/\/fromagesetdessertsfolk.fr\/wp-content\/uploads\/2025\/03\/20241023_140458-1024x461.jpg\" alt=\"\" class=\"wp-image-320\" srcset=\"http:\/\/fromagesetdessertsfolk.fr\/wp-content\/uploads\/2025\/03\/20241023_140458-1024x461.jpg 1024w, http:\/\/fromagesetdessertsfolk.fr\/wp-content\/uploads\/2025\/03\/20241023_140458-300x135.jpg 300w, http:\/\/fromagesetdessertsfolk.fr\/wp-content\/uploads\/2025\/03\/20241023_140458-768x346.jpg 768w, http:\/\/fromagesetdessertsfolk.fr\/wp-content\/uploads\/2025\/03\/20241023_140458-1536x692.jpg 1536w, http:\/\/fromagesetdessertsfolk.fr\/wp-content\/uploads\/2025\/03\/20241023_140458-2048x922.jpg 2048w, http:\/\/fromagesetdessertsfolk.fr\/wp-content\/uploads\/2025\/03\/20241023_140458-900x405.jpg 900w, http:\/\/fromagesetdessertsfolk.fr\/wp-content\/uploads\/2025\/03\/20241023_140458-1280x577.jpg 1280w\" sizes=\"auto, (max-width: 1024px) 100vw, 1024px\" \/><\/figure>\n\n\n\n<p>       La plupart de ces musiques sont \u00e0 danser et peut \u00eatre pr\u00e9sent\u00e9e voire expliqu\u00e9e afin d\u2019initier partiellement le public. <\/p>\n\n\n\n<p>        Le <a rel=\"noreferrer noopener\" aria-label=\" (s\u2019ouvre dans un nouvel onglet)\" href=\"http:\/\/fromagesetdessertsfolk.fr\/wp-admin\/post.php?post=151&amp;action=edit\" target=\"_blank\">r\u00e9pertoire<\/a> de Madohej va du traditionnel bressan en passant par les&nbsp; r\u00e9gions du Berry, du Morvan, d\u2019Alsace, de Bretagne, d\u2019Auvergne\u2026 et d\u2019Irlande avec des danses de couple et des danses collectives particuli\u00e8rement conviviales.<\/p>\n\n\n\n<p>Danses collectives&nbsp;: <a href=\"http:\/\/fromagesetdessertsfolk.fr\/wp-content\/uploads\/2020\/03\/Cercles_Mixers.pdf\" target=\"_blank\" rel=\"noreferrer noopener\" aria-label=\" (s\u2019ouvre dans un nouvel onglet)\">cercles circassiens<\/a>, <a href=\"http:\/\/fromagesetdessertsfolk.fr\/wp-content\/uploads\/2020\/03\/Chapelloise.pdf\" target=\"_blank\" rel=\"noreferrer noopener\" aria-label=\"chapelloises (s\u2019ouvre dans un nouvel onglet)\">chapelloises<\/a>, <a href=\"http:\/\/fromagesetdessertsfolk.fr\/wp-content\/uploads\/2020\/03\/Rondeau.pdf\" target=\"_blank\" rel=\"noreferrer noopener\" aria-label=\" (s\u2019ouvre dans un nouvel onglet)\">rondeaux<\/a>, <a href=\"http:\/\/fromagesetdessertsfolk.fr\/wp-content\/uploads\/2020\/03\/Branles1.pdf\" target=\"_blank\" rel=\"noreferrer noopener\" aria-label=\" (s\u2019ouvre dans un nouvel onglet)\">branles<\/a>, <a href=\"http:\/\/fromagesetdessertsfolk.fr\/wp-content\/uploads\/2020\/03\/Andro.pdf\" target=\"_blank\" rel=\"noreferrer noopener\" aria-label=\"andros (s\u2019ouvre dans un nouvel onglet)\">andros<\/a>\u2026<\/p>\n\n\n\n<p>Danses de couples&nbsp;: <a href=\"http:\/\/fromagesetdessertsfolk.fr\/wp-content\/uploads\/2020\/03\/Valse.pdf\" target=\"_blank\" rel=\"noreferrer noopener\" aria-label=\" (s\u2019ouvre dans un nouvel onglet)\">valses<\/a>, <a href=\"http:\/\/fromagesetdessertsfolk.fr\/wp-content\/uploads\/2020\/03\/Mazurka-1.pdf\" target=\"_blank\" rel=\"noreferrer noopener\" aria-label=\" (s\u2019ouvre dans un nouvel onglet)\">mazurkas<\/a>, <a href=\"http:\/\/fromagesetdessertsfolk.fr\/wp-content\/uploads\/2020\/03\/Polka.pdf\" target=\"_blank\" rel=\"noreferrer noopener\" aria-label=\" (s\u2019ouvre dans un nouvel onglet)\">polkas<\/a>, <a href=\"http:\/\/fromagesetdessertsfolk.fr\/wp-content\/uploads\/2020\/03\/Bourr%C3%A9e-du-Berry.pdf\" target=\"_blank\" rel=\"noreferrer noopener\" aria-label=\" (s\u2019ouvre dans un nouvel onglet)\">bourr\u00e9es \u00e0 deux temps<\/a>, <a href=\"http:\/\/fromagesetdessertsfolk.fr\/wp-content\/uploads\/2020\/03\/Bourr%C3%A9es_-du_morvan.pdf\" target=\"_blank\" rel=\"noreferrer noopener\" aria-label=\" (s\u2019ouvre dans un nouvel onglet)\">bourr\u00e9es \u00e0 trois temps<\/a>,&nbsp; <a href=\"http:\/\/fromagesetdessertsfolk.fr\/wp-content\/uploads\/2020\/03\/Scottisch.pdf\" target=\"_blank\" rel=\"noreferrer noopener\" aria-label=\" (s\u2019ouvre dans un nouvel onglet)\">scottishs<\/a>&nbsp;,\u2026<\/p>\n\n\n\n<p>        La musique qu\u2019ils proposent est d\u2019abord une musique \u00e0 danser qui s\u2019inscrit dans les traditions et les \u00e9volutions des diff\u00e9rentes r\u00e9gions de France (Bresse, Franche-Comt\u00e9, Bourgogne, Morvan, Berry, Bourbonnais,&nbsp; Limousin, Auvergne).<br>Elle revendique ses racines, tant dans la transmission orale, que dans les collectages et autres initiations ou stages auxquels le groupe peut participer.<\/p>\n\n\n\n<p>        Le groupe peut intervenir durant des animations de repas, de mariages, \u00e0 des anniversaires, des veill\u00e9es contes et musiques, des animations de rue, des animations de march\u00e9s ou de f\u00eates, des pr\u00e9sentations d\u2019instruments aupr\u00e8s des classes et naturellement des bals folks<strong>.<\/strong><\/p>\n\n\n\n<figure class=\"wp-block-image size-large\"><img loading=\"lazy\" decoding=\"async\" width=\"1024\" height=\"576\" src=\"http:\/\/fromagesetdessertsfolk.fr\/wp-content\/uploads\/2025\/10\/20250726_154110-1024x576.jpg\" alt=\"\" class=\"wp-image-364\" srcset=\"http:\/\/fromagesetdessertsfolk.fr\/wp-content\/uploads\/2025\/10\/20250726_154110-1024x576.jpg 1024w, http:\/\/fromagesetdessertsfolk.fr\/wp-content\/uploads\/2025\/10\/20250726_154110-300x169.jpg 300w, http:\/\/fromagesetdessertsfolk.fr\/wp-content\/uploads\/2025\/10\/20250726_154110-768x432.jpg 768w, http:\/\/fromagesetdessertsfolk.fr\/wp-content\/uploads\/2025\/10\/20250726_154110-1536x864.jpg 1536w, http:\/\/fromagesetdessertsfolk.fr\/wp-content\/uploads\/2025\/10\/20250726_154110-2048x1152.jpg 2048w, http:\/\/fromagesetdessertsfolk.fr\/wp-content\/uploads\/2025\/10\/20250726_154110-900x506.jpg 900w, http:\/\/fromagesetdessertsfolk.fr\/wp-content\/uploads\/2025\/10\/20250726_154110-1280x720.jpg 1280w\" sizes=\"auto, (max-width: 1024px) 100vw, 1024px\" \/><\/figure>\n\n\n\n<p><\/p>\n","protected":false},"excerpt":{"rendered":"<p>MADOHEJ Fond\u00e9 en 1995, l\u2019orchestre&nbsp; \u00ab&nbsp;FROMAGES ET DESSERTS&nbsp;\u00bb devient en 2014 \u00ab\u00a0MADOHE\u00a0\u00bb puis bient\u00f4t MADOHEJ. &nbsp;&nbsp;&nbsp;&nbsp;&nbsp;&nbsp;&nbsp;Il pr\u00e9sente des musiques de&nbsp; Bresse, de France&nbsp; et &nbsp;d\u2019ailleurs\u2026. sur des instruments traditionnels comme&nbsp;: la vielle \u00e0 roue, le nyckelharpa, l\u2019accord\u00e9on diatonique, l&rsquo;accord\u00e9on chromatique, des cornemuses, le hautbois, des percussions. Le groupe peut intervenir durant des animations de repas, [&hellip;]<\/p>\n","protected":false},"author":1,"featured_media":361,"parent":0,"menu_order":0,"comment_status":"closed","ping_status":"closed","template":"","meta":{"footnotes":""},"class_list":["post-12","page","type-page","status-publish","has-post-thumbnail","hentry"],"_links":{"self":[{"href":"http:\/\/fromagesetdessertsfolk.fr\/index.php?rest_route=\/wp\/v2\/pages\/12","targetHints":{"allow":["GET"]}}],"collection":[{"href":"http:\/\/fromagesetdessertsfolk.fr\/index.php?rest_route=\/wp\/v2\/pages"}],"about":[{"href":"http:\/\/fromagesetdessertsfolk.fr\/index.php?rest_route=\/wp\/v2\/types\/page"}],"author":[{"embeddable":true,"href":"http:\/\/fromagesetdessertsfolk.fr\/index.php?rest_route=\/wp\/v2\/users\/1"}],"replies":[{"embeddable":true,"href":"http:\/\/fromagesetdessertsfolk.fr\/index.php?rest_route=%2Fwp%2Fv2%2Fcomments&post=12"}],"version-history":[{"count":24,"href":"http:\/\/fromagesetdessertsfolk.fr\/index.php?rest_route=\/wp\/v2\/pages\/12\/revisions"}],"predecessor-version":[{"id":365,"href":"http:\/\/fromagesetdessertsfolk.fr\/index.php?rest_route=\/wp\/v2\/pages\/12\/revisions\/365"}],"wp:featuredmedia":[{"embeddable":true,"href":"http:\/\/fromagesetdessertsfolk.fr\/index.php?rest_route=\/wp\/v2\/media\/361"}],"wp:attachment":[{"href":"http:\/\/fromagesetdessertsfolk.fr\/index.php?rest_route=%2Fwp%2Fv2%2Fmedia&parent=12"}],"curies":[{"name":"wp","href":"https:\/\/api.w.org\/{rel}","templated":true}]}}